{"id":340,"date":"2016-06-09T19:20:40","date_gmt":"2016-06-09T17:20:40","guid":{"rendered":"http:\/\/www.skule.sormo.net\/wordpress\/?page_id=340"},"modified":"2026-03-13T11:52:52","modified_gmt":"2026-03-13T10:52:52","slug":"start","status":"publish","type":"page","link":"http:\/\/skule.sormo.net\/wordpress\/","title":{"rendered":"Start"},"content":{"rendered":"<h1>Velkommen til min blogg !<\/h1>\n<p><a href=\"http:\/\/skule.sormo.net\/wordpress\/?p=620\">Les her<\/a> om hvordan rektor Jostein Br\u00f8nstad\u00a0 p\u00e5 KVT omdefinerte en varslingssak om kritikkverdige forhold til en personalsak. &laquo;J<em>eg bruker makt, jeg \u00f8nsker ingen dialog!\u00a0 Jeg omdefinerer\u00a0 varslingssaken til en personalsak! Jeg krever arbeidsforholdet avsluttet!&raquo;<\/em> var innspillet jeg ble m\u00f8tt med da jeg m\u00f8tte til hva jeg trodde var et avklaringsm\u00f8te i en varslingssak. En varsling ble gitt til verneombudet og Arbeidsmilj\u00f8utvalget p\u00e5 KVT om krenkende adferd av KRF-politiker Odd Anders Width, ansatt p\u00e5 KVT som administrasjonsleder.<\/p>\n<h2>Thorium den nye energikilden<\/h2>\n<p>Kjernekraftindustrien fikk en heller skjeiv utvikling i 1971 da president Nixon besluttet \u00e5 legge ned utviklingen av atomkraftverk basert p\u00e5 Thorium. Grunnen var at man da ikke kunne lage atomv\u00e5pen. Dette var midt under den kalde krigen. Milit\u00e6re hensikter ble\u00a0 derfor prioritert. Det var den amerikanske marinen som finanserte atomkraftutviklingen basert p\u00e5 uran og plutonium. Dette ble vellykket for bruk i atomub\u00e5ter der sm\u00e5 reaktorer ble installert. Men da store uranreaktorer ble bygget for produksjon av elektrisk kraft, ble risikofaktorene store. En rekke ulykker (Tre Miles Island, Tsjernobyl, Fukoshima) har skapt en stor offentlig motstand mot atomkraftverk. Hadde utviklingen av Thoriumkraftverk fortsatt, ville kjernekraftindustrien utviklet seg totalt annerledes. N\u00e5 bygges det 6 thoriumkraftverk i India, som tas ibruk innen 2025. M\u00e5let er at 30% av energiforsyningen i India skal bli levert fra Thoriumkraftverk. Land som Canada, Kina, Tyskland, Norge, Israel, Storbritania og U.S.A er ogs\u00e5 igang med tiltak i bruk av Thorium.<\/p>\n<p>Se:<br \/>\n<a href=\"http:\/\/www.skule.sormo.net\/wordpress\/?p=224\">Thorium \u2013 den nye energikilden<\/a><br \/>\n<a href=\"http:\/\/www.skule.sormo.net\/wordpress\/?p=466\">Thorium til kjernekraft \u2013 fikk en ublid oppstart\u00a0<\/a><br \/>\n<a href=\"http:\/\/skule.sormo.net\/wordpress\/?p=1352\">Energi &#8211; med vektlegging av kjernekraft<\/a><br \/>\n<a href=\"https:\/\/youtu.be\/ele5g9oP4wE\">Foredrag om thorium i Trondheim Y&#8217;s Men&#8217;s Club<\/a><br \/>\n<a href=\"http:\/\/www.skule.sormo.net\/wordpress\/?cat=18\">Se andre energirelaterte atikler<\/a><\/p>\n<p><a href=\"http:\/\/www.skule.sormo.net\/wordpress\/?page_id=694\">Se ellers andre blogginnlegg her<\/a><\/p>\n","protected":false},"excerpt":{"rendered":"<p>Velkommen til min blogg ! Les her om hvordan rektor Jostein Br\u00f8nstad\u00a0 p\u00e5 KVT omdefinerte en varslingssak om kritikkverdige forhold til en personalsak. &laquo;Jeg bruker makt, jeg \u00f8nsker ingen dialog!\u00a0 Jeg omdefinerer\u00a0 varslingssaken til en personalsak! Jeg krever arbeidsforholdet avsluttet!&raquo; &hellip; <a href=\"http:\/\/skule.sormo.net\/wordpress\/\">Les videre <span class=\"meta-nav\">&rarr;<\/span><\/a><\/p>\n","protected":false},"author":2,"featured_media":0,"parent":0,"menu_order":0,"comment_status":"closed","ping_status":"closed","template":"","meta":{"_acf_changed":false,"footnotes":""},"class_list":["post-340","page","type-page","status-publish","hentry"],"acf":[],"_links":{"self":[{"href":"http:\/\/skule.sormo.net\/wordpress\/index.php?rest_route=\/wp\/v2\/pages\/340","targetHints":{"allow":["GET"]}}],"collection":[{"href":"http:\/\/skule.sormo.net\/wordpress\/index.php?rest_route=\/wp\/v2\/pages"}],"about":[{"href":"http:\/\/skule.sormo.net\/wordpress\/index.php?rest_route=\/wp\/v2\/types\/page"}],"author":[{"embeddable":true,"href":"http:\/\/skule.sormo.net\/wordpress\/index.php?rest_route=\/wp\/v2\/users\/2"}],"replies":[{"embeddable":true,"href":"http:\/\/skule.sormo.net\/wordpress\/index.php?rest_route=%2Fwp%2Fv2%2Fcomments&post=340"}],"version-history":[{"count":22,"href":"http:\/\/skule.sormo.net\/wordpress\/index.php?rest_route=\/wp\/v2\/pages\/340\/revisions"}],"predecessor-version":[{"id":1498,"href":"http:\/\/skule.sormo.net\/wordpress\/index.php?rest_route=\/wp\/v2\/pages\/340\/revisions\/1498"}],"wp:attachment":[{"href":"http:\/\/skule.sormo.net\/wordpress\/index.php?rest_route=%2Fwp%2Fv2%2Fmedia&parent=340"}],"curies":[{"name":"wp","href":"https:\/\/api.w.org\/{rel}","templated":true}]}}